{"id":16,"date":"2024-05-20T23:49:32","date_gmt":"2024-05-20T21:49:32","guid":{"rendered":"https:\/\/marmello.pl\/?page_id=16"},"modified":"2025-06-08T18:25:15","modified_gmt":"2025-06-08T16:25:15","slug":"o-nas","status":"publish","type":"page","link":"https:\/\/marmello.pl\/?page_id=16","title":{"rendered":"O nas"},"content":{"rendered":"\n<p class=\"has-text-align-center has-accent-1-color has-sitebg-background-color has-text-color has-background has-link-color has-normal-font-size wp-elements-2def0528f6c81d6d8300e69e10d36d56\" style=\"font-style:normal;font-weight:300\">Specjalizujemy  si\u0119 w kompleksowych rozwi\u0105zaniach marketingowych. Nasza oferta obejmuje tworzenie unikalnych gad\u017cet\u00f3w reklamowych i odzie\u017cy z logo firmy, projektowanie i drukowanie materia\u0142\u00f3w promocyjnych, takich jak ulotki, banery, wizyt\u00f3wki, katalogi i kalendarze.<\/p>\n\n\n\n<p class=\"has-text-align-center has-accent-1-color has-sitebg-background-color has-text-color has-background has-link-color has-normal-font-size wp-elements-f5e30662ad14a0eb616f7a4d8f0c88b1\" style=\"font-style:normal;font-weight:300\">Nasze us\u0142ugi pomagaj\u0105 firmom wyr\u00f3\u017cni\u0107 si\u0119 na rynku i skutecznie budowa\u0107 rozpoznawalno\u015b\u0107 marki. Dzi\u0119ki do\u015bwiadczeniu i kreatywno\u015bci naszego zespo\u0142u, zapewniamy najwy\u017csz\u0105 jako\u015b\u0107 i pe\u0142ne wsparcie w realizacji Twoich cel\u00f3w marketingowych.<\/p>\n\n\n\n<p class=\"has-text-align-center has-headings-color has-sitebg-background-color has-text-color has-background has-link-color has-normal-font-size wp-elements-05287f315cf3a8c54e76a7e0705b9ddf\" style=\"font-style:normal;font-weight:300\">Skontaktuj si\u0119 z nami i przekonaj si\u0119, jak mo\u017cemy pom\u00f3c Twojej marce osi\u0105gn\u0105\u0107 sukces!<\/p>\n","protected":false},"excerpt":{"rendered":"<p>Specjalizujemy si\u0119 w kompleksowych rozwi\u0105zaniach marketingowych. Nasza oferta obejmuje tworzenie unikalnych gad\u017cet\u00f3w reklamowych i odzie\u017cy z logo firmy, projektowanie i drukowanie materia\u0142\u00f3w promocyjnych, takich jak ulotki, banery, wizyt\u00f3wki, katalogi i kalendarze. Nasze us\u0142ugi pomagaj\u0105 firmom wyr\u00f3\u017cni\u0107 si\u0119 na rynku i skutecznie budowa\u0107 rozpoznawalno\u015b\u0107 marki. Dzi\u0119ki do\u015bwiadczeniu i kreatywno\u015bci naszego zespo\u0142u, zapewniamy najwy\u017csz\u0105 jako\u015b\u0107 i pe\u0142ne&#8230;<\/p>\n","protected":false},"author":1,"featured_media":0,"parent":11,"menu_order":1,"comment_status":"closed","ping_status":"closed","template":"","meta":{"_kadence_starter_templates_imported_post":false,"_kad_post_transparent":"","_kad_post_title":"","_kad_post_layout":"","_kad_post_sidebar_id":"","_kad_post_content_style":"","_kad_post_vertical_padding":"","_kad_post_feature":"","_kad_post_feature_position":"","_kad_post_header":false,"_kad_post_footer":false,"footnotes":""},"class_list":["post-16","page","type-page","status-publish","hentry"],"_links":{"self":[{"href":"https:\/\/marmello.pl\/index.php?rest_route=\/wp\/v2\/pages\/16","targetHints":{"allow":["GET"]}}],"collection":[{"href":"https:\/\/marmello.pl\/index.php?rest_route=\/wp\/v2\/pages"}],"about":[{"href":"https:\/\/marmello.pl\/index.php?rest_route=\/wp\/v2\/types\/page"}],"author":[{"embeddable":true,"href":"https:\/\/marmello.pl\/index.php?rest_route=\/wp\/v2\/users\/1"}],"replies":[{"embeddable":true,"href":"https:\/\/marmello.pl\/index.php?rest_route=%2Fwp%2Fv2%2Fcomments&post=16"}],"version-history":[{"count":6,"href":"https:\/\/marmello.pl\/index.php?rest_route=\/wp\/v2\/pages\/16\/revisions"}],"predecessor-version":[{"id":1343,"href":"https:\/\/marmello.pl\/index.php?rest_route=\/wp\/v2\/pages\/16\/revisions\/1343"}],"up":[{"embeddable":true,"href":"https:\/\/marmello.pl\/index.php?rest_route=\/wp\/v2\/pages\/11"}],"wp:attachment":[{"href":"https:\/\/marmello.pl\/index.php?rest_route=%2Fwp%2Fv2%2Fmedia&parent=16"}],"curies":[{"name":"wp","href":"https:\/\/api.w.org\/{rel}","templated":true}]}}